{"id":296,"date":"2019-11-19T17:16:06","date_gmt":"2019-11-19T17:16:06","guid":{"rendered":"http:\/\/gbhotels.se:8888\/?page_id=296"},"modified":"2019-11-20T11:14:42","modified_gmt":"2019-11-20T11:14:42","slug":"terms-and-conditions","status":"publish","type":"page","link":"https:\/\/gbhotel.es\/en\/terms-and-conditions\/","title":{"rendered":"Terms and conditions"},"content":{"rendered":"<h2>CONDICIONES DE USO DEL SITIO WEB<\/h2>\n<p>No est\u00e1 permitido y, por tanto, sus consecuencias ser\u00e1n de la exclusiva responsabilidad del usuario, el acceso o la utilizaci\u00f3n del Sitio Web con fines ilegales o no autorizados, con o sin finalidad econ\u00f3mica, y, m\u00e1s espec\u00edficamente y sin que el siguiente listado tenga car\u00e1cter absoluto, queda prohibido:<\/p>\n<p>When visitors leave comments on the site we collect the data shown in the comments form, and also the visitor\u2019s IP address and browser user agent string to help spam detection.<\/p>\n<ol>\n<li>Usar el Sitio Web en forma alguna que pueda provocar da\u00f1os, interrupciones, ineficiencias o defectos en su funcionalidad o en el ordenador de un tercero;<\/li>\n<li>Usar el Sitio Web para la transmisi\u00f3n, la instalaci\u00f3n o la publicaci\u00f3n de cualquier virus, c\u00f3digo malicioso u otros programas o archivos perjudiciales;<\/li>\n<li>Usar el Sitio Web para recoger datos de car\u00e1cter personal de otros usuarios;<\/li>\n<li>Registrarse a trav\u00e9s del Sitio Web con una identidad falsa, suplantado a terceros o utilizando un perfil o realizando cualquier otra acci\u00f3n que pueda confundir a otros usuarios sobre la identidad del origen de un mensaje;<\/li>\n<li>Acceder sin autorizaci\u00f3n a cualquier secci\u00f3n del Sitio Web, a otros sistemas o redes conectadas a la Plataforma, a ning\u00fan servidor de GBH Hoteles y Apartamentos ni a los servicios ofrecidos a trav\u00e9s del Sitio Web, por medio de pirateo o falsificaci\u00f3n, extracci\u00f3n de contrase\u00f1as o cualquier otro medio ileg\u00edtimo;<\/li>\n<li>Quebrantar, o intentar quebrantar, las medidas de seguridad o autenticaci\u00f3n del Sitio Web o de cualquier red conectada a la misma, o las medidas de seguridad o protecci\u00f3n inherentes a los contenidos ofrecidos en el Sitio Web;<\/li>\n<li>Llevar a cabo alguna acci\u00f3n que provoque una saturaci\u00f3n desproporcionada o innecesaria en la infraestructura del Sitio Web o en los sistemas o redes de GBH Hoteles y Apartamentos, as\u00ed como en los sistemas y redes conectados al Sitio Web; o<\/li>\n<li>Impedir el normal desarrollo de un evento, concurso, promoci\u00f3n o cualquier otra actividad disponible a trav\u00e9s del Sitio Web o cualesquiera de sus funcionalidades, ya sea alterando o tratando de alterar, ilegalmente o de cualquier otra forma, el acceso, participaci\u00f3n o funcionamiento de aqu\u00e9llos, o falseando el resultado de los mismos y\/o utilizando m\u00e9todos de participaci\u00f3n fraudulentos, mediante cualquier procedimiento, y\/o a trav\u00e9s de cualquier pr\u00e1ctica que atente o vulnere en modo alguno las presentes Condiciones de uso.<\/li>\n<\/ol>\n<p>El incumplimiento de cualquiera de las anteriores obligaciones por el usuario, podr\u00e1 llevar aparejada la adopci\u00f3n por GBH Hoteles y Apartamentos de las medidas oportunas amparadas en Derecho y en el ejercicio de sus derechos u obligaciones, pudiendo llegar a la eliminaci\u00f3n o bloqueo de la cuenta del usuario infractor, sin que medie posibilidad de indemnizaci\u00f3n alguna por los da\u00f1os y perjuicios causados.<\/p>\n<h3>RESPONSABILIDADES Y GARANT\u00cdAS<\/h3>\n<p>GBH Hoteles y Apartamentos no puede garantizar la fiabilidad, utilidad o veracidad de absolutamente toda la informaci\u00f3n y\/o de los servicios del Sitio Web, ni tampoco de la utilidad o veracidad de la documentaci\u00f3n puesta a disposici\u00f3n a trav\u00e9s de la misma.<br \/>\nEn consecuencia, GBH Hoteles y Apartamentos no garantiza ni se hace responsable de: (i) la continuidad de los contenidos del Sitio Web; (ii) la ausencia de errores en dichos contenidos; (iii) la ausencia de virus y\/o dem\u00e1s componentes da\u00f1inos en el Sitio Web o en el servidor que lo suministra; (iv) la invulnerabilidad del Sitio Web y\/o la imposibilidad de vulnerar las medidas de seguridad que se adopten en la misma; (v) la falta de utilidad o rendimiento de los contenidos del Sitio Web; y (vi) los da\u00f1os o perjuicios que cause, a s\u00ed mismo o a un tercero, cualquier persona que infringiera las condiciones, normas e instrucciones que<\/p>\n<p>GBH Hoteles y Apartamentos establece en el Sitio Web o a trav\u00e9s de la vulneraci\u00f3n de los sistemas de seguridad del Sitio Web.<br \/>\nNo obstante, GBH Hoteles y Apartamentos declara que ha adoptado todas las medidas necesarias, dentro de sus posibilidades y del estado de la t\u00e9cnica, para garantizar el funcionamiento del Sitio Web y reducir al m\u00ednimo los errores del sistema, tanto desde el punto de vista t\u00e9cnico, como de los contenidos publicados en el Sitio Web.<\/p>\n<p>Si el usuario tuviera conocimiento de la existencia de alg\u00fan contenido il\u00edcito, ilegal, contrario a las leyes o que pudiera suponer una infracci\u00f3n de derechos de propiedad intelectual o industrial, de la normativa aplicable en material de protecci\u00f3n de datos personales y\/o cualquier otro derecho, deber\u00e1 notificarlo inmediatamente a GBH Hoteles y Apartamentos para que \u00e9sta pueda proceder a la adopci\u00f3n de las medidas oportunas.<\/p>\n<p>GBH Hoteles y Apartamentos no garantiza la licitud, fiabilidad y utilidad de los contenidos suministrados por terceros a trav\u00e9s del Sitio Web.<\/p>\n<p>GBH Hoteles y Apartamentos no ser\u00e1 responsable sobre la veracidad, integridad o actualizaci\u00f3n de las informaciones publicadas en el Sitio Web provenientes de fuentes ajenas al mismo (noticias externas, informes de profesionales externos, etc.), as\u00ed como tampoco de las contenidas en otros portales web mediante enlace desde el Sitio Web.<\/p>\n<p>GBH Hoteles y Apartamentos no asumir\u00e1 responsabilidad en cuanto a hipot\u00e9ticos perjuicios que pudieran originarse por el uso de las citadas informaciones.<\/p>\n<p>En todo caso, GBH Hoteles y Apartamentos se reserva el derecho a suspender, modificar, restringir o interrumpir, temporal o permanentemente, el acceso, navegaci\u00f3n, uso, alojamiento y\/o descarga del contenido y\/o uso de servicios del Sitio Web, con o sin previa notificaci\u00f3n, a los usuarios que contravengan cualquiera de las disposiciones detalladas en las presentes condiciones de uso, sin que medie posibilidad del usuario de exigir indemnizaci\u00f3n alguna por esta causa.<\/p>\n","protected":false},"excerpt":{"rendered":"<p>CONDICIONES DE USO DEL SITIO WEB No est\u00e1 permitido y, por tanto, sus consecuencias ser\u00e1n de la exclusiva responsabilidad del&#8230;<\/p>\n","protected":false},"author":1,"featured_media":0,"parent":0,"menu_order":0,"comment_status":"closed","ping_status":"closed","template":"","meta":{"_acf_changed":false,"footnotes":""},"class_list":["post-296","page","type-page","status-publish","hentry"],"acf":[],"yoast_head":"<!-- This site is optimized with the Yoast SEO plugin v27.5 - https:\/\/yoast.com\/product\/yoast-seo-wordpress\/ -->\n<title>Terms and conditions | GBH Hotels &amp; Apartments<\/title>\n<meta name=\"robots\" content=\"index, follow, max-snippet:-1, max-image-preview:large, max-video-preview:-1\" \/>\n<link rel=\"canonical\" href=\"https:\/\/gbhotel.es\/terms-and-conditions\/\" \/>\n<meta property=\"og:locale\" content=\"en_US\" \/>\n<meta property=\"og:type\" content=\"article\" \/>\n<meta property=\"og:title\" content=\"Terms and conditions | GBH Hotels &amp; Apartments\" \/>\n<meta property=\"og:description\" content=\"CONDICIONES DE USO DEL SITIO WEB No est\u00e1 permitido y, por tanto, sus consecuencias ser\u00e1n de la exclusiva responsabilidad del...\" \/>\n<meta property=\"og:url\" content=\"https:\/\/gbhotel.es\/terms-and-conditions\/\" \/>\n<meta property=\"og:site_name\" content=\"GBH Hotels &amp; Apartments\" \/>\n<meta property=\"article:publisher\" content=\"https:\/\/www.facebook.com\/gbhoteles\/\" \/>\n<meta property=\"article:modified_time\" content=\"2019-11-20T11:14:42+00:00\" \/>\n<meta name=\"twitter:card\" content=\"summary_large_image\" \/>\n<meta name=\"twitter:label1\" content=\"Est. reading time\" \/>\n\t<meta name=\"twitter:data1\" content=\"5 minutes\" \/>\n<script type=\"application\/ld+json\" class=\"yoast-schema-graph\">{\"@context\":\"https:\\\/\\\/schema.org\",\"@graph\":[{\"@type\":\"WebPage\",\"@id\":\"https:\\\/\\\/gbhotel.es\\\/terms-and-conditions\\\/\",\"url\":\"https:\\\/\\\/gbhotel.es\\\/terms-and-conditions\\\/\",\"name\":\"Terms and conditions | GBH Hotels &amp; Apartments\",\"isPartOf\":{\"@id\":\"https:\\\/\\\/gbhotel.es\\\/ru\\\/#website\"},\"datePublished\":\"2019-11-19T17:16:06+00:00\",\"dateModified\":\"2019-11-20T11:14:42+00:00\",\"breadcrumb\":{\"@id\":\"https:\\\/\\\/gbhotel.es\\\/terms-and-conditions\\\/#breadcrumb\"},\"inLanguage\":\"en-US\",\"potentialAction\":[{\"@type\":\"ReadAction\",\"target\":[\"https:\\\/\\\/gbhotel.es\\\/terms-and-conditions\\\/\"]}]},{\"@type\":\"BreadcrumbList\",\"@id\":\"https:\\\/\\\/gbhotel.es\\\/terms-and-conditions\\\/#breadcrumb\",\"itemListElement\":[{\"@type\":\"ListItem\",\"position\":1,\"name\":\"Home\",\"item\":\"https:\\\/\\\/gbhotel.es\\\/en\\\/\"},{\"@type\":\"ListItem\",\"position\":2,\"name\":\"Terms and conditions\"}]},{\"@type\":\"WebSite\",\"@id\":\"https:\\\/\\\/gbhotel.es\\\/ru\\\/#website\",\"url\":\"https:\\\/\\\/gbhotel.es\\\/ru\\\/\",\"name\":\"GBH Hotels &amp; Apartments\",\"description\":\"Apartments &amp; hotels at Costa Blanca\",\"publisher\":{\"@id\":\"https:\\\/\\\/gbhotel.es\\\/ru\\\/#organization\"},\"potentialAction\":[{\"@type\":\"SearchAction\",\"target\":{\"@type\":\"EntryPoint\",\"urlTemplate\":\"https:\\\/\\\/gbhotel.es\\\/ru\\\/?s={search_term_string}\"},\"query-input\":{\"@type\":\"PropertyValueSpecification\",\"valueRequired\":true,\"valueName\":\"search_term_string\"}}],\"inLanguage\":\"en-US\"},{\"@type\":\"Organization\",\"@id\":\"https:\\\/\\\/gbhotel.es\\\/ru\\\/#organization\",\"name\":\"GBH Hotels and Apartments\",\"url\":\"https:\\\/\\\/gbhotel.es\\\/ru\\\/\",\"logo\":{\"@type\":\"ImageObject\",\"inLanguage\":\"en-US\",\"@id\":\"https:\\\/\\\/gbhotel.es\\\/ru\\\/#\\\/schema\\\/logo\\\/image\\\/\",\"url\":\"https:\\\/\\\/gbhotels.es\\\/wp-content\\\/uploads\\\/2019\\\/11\\\/logo-blue.png\",\"contentUrl\":\"https:\\\/\\\/gbhotels.es\\\/wp-content\\\/uploads\\\/2019\\\/11\\\/logo-blue.png\",\"width\":180,\"height\":63,\"caption\":\"GBH Hotels and Apartments\"},\"image\":{\"@id\":\"https:\\\/\\\/gbhotel.es\\\/ru\\\/#\\\/schema\\\/logo\\\/image\\\/\"},\"sameAs\":[\"https:\\\/\\\/www.facebook.com\\\/gbhoteles\\\/\",\"https:\\\/\\\/www.instagram.com\\\/gbhoteles\\\/\"]}]}<\/script>\n<!-- \/ Yoast SEO plugin. -->","yoast_head_json":{"title":"Terms and conditions | GBH Hotels &amp; Apartments","robots":{"index":"index","follow":"follow","max-snippet":"max-snippet:-1","max-image-preview":"max-image-preview:large","max-video-preview":"max-video-preview:-1"},"canonical":"https:\/\/gbhotel.es\/terms-and-conditions\/","og_locale":"en_US","og_type":"article","og_title":"Terms and conditions | GBH Hotels &amp; Apartments","og_description":"CONDICIONES DE USO DEL SITIO WEB No est\u00e1 permitido y, por tanto, sus consecuencias ser\u00e1n de la exclusiva responsabilidad del...","og_url":"https:\/\/gbhotel.es\/terms-and-conditions\/","og_site_name":"GBH Hotels &amp; Apartments","article_publisher":"https:\/\/www.facebook.com\/gbhoteles\/","article_modified_time":"2019-11-20T11:14:42+00:00","twitter_card":"summary_large_image","twitter_misc":{"Est. reading time":"5 minutes"},"schema":{"@context":"https:\/\/schema.org","@graph":[{"@type":"WebPage","@id":"https:\/\/gbhotel.es\/terms-and-conditions\/","url":"https:\/\/gbhotel.es\/terms-and-conditions\/","name":"Terms and conditions | GBH Hotels &amp; Apartments","isPartOf":{"@id":"https:\/\/gbhotel.es\/ru\/#website"},"datePublished":"2019-11-19T17:16:06+00:00","dateModified":"2019-11-20T11:14:42+00:00","breadcrumb":{"@id":"https:\/\/gbhotel.es\/terms-and-conditions\/#breadcrumb"},"inLanguage":"en-US","potentialAction":[{"@type":"ReadAction","target":["https:\/\/gbhotel.es\/terms-and-conditions\/"]}]},{"@type":"BreadcrumbList","@id":"https:\/\/gbhotel.es\/terms-and-conditions\/#breadcrumb","itemListElement":[{"@type":"ListItem","position":1,"name":"Home","item":"https:\/\/gbhotel.es\/en\/"},{"@type":"ListItem","position":2,"name":"Terms and conditions"}]},{"@type":"WebSite","@id":"https:\/\/gbhotel.es\/ru\/#website","url":"https:\/\/gbhotel.es\/ru\/","name":"GBH Hotels &amp; Apartments","description":"Apartments &amp; hotels at Costa Blanca","publisher":{"@id":"https:\/\/gbhotel.es\/ru\/#organization"},"potentialAction":[{"@type":"SearchAction","target":{"@type":"EntryPoint","urlTemplate":"https:\/\/gbhotel.es\/ru\/?s={search_term_string}"},"query-input":{"@type":"PropertyValueSpecification","valueRequired":true,"valueName":"search_term_string"}}],"inLanguage":"en-US"},{"@type":"Organization","@id":"https:\/\/gbhotel.es\/ru\/#organization","name":"GBH Hotels and Apartments","url":"https:\/\/gbhotel.es\/ru\/","logo":{"@type":"ImageObject","inLanguage":"en-US","@id":"https:\/\/gbhotel.es\/ru\/#\/schema\/logo\/image\/","url":"https:\/\/gbhotels.es\/wp-content\/uploads\/2019\/11\/logo-blue.png","contentUrl":"https:\/\/gbhotels.es\/wp-content\/uploads\/2019\/11\/logo-blue.png","width":180,"height":63,"caption":"GBH Hotels and Apartments"},"image":{"@id":"https:\/\/gbhotel.es\/ru\/#\/schema\/logo\/image\/"},"sameAs":["https:\/\/www.facebook.com\/gbhoteles\/","https:\/\/www.instagram.com\/gbhoteles\/"]}]}},"_links":{"self":[{"href":"https:\/\/gbhotel.es\/en\/wp-json\/wp\/v2\/pages\/296","targetHints":{"allow":["GET"]}}],"collection":[{"href":"https:\/\/gbhotel.es\/en\/wp-json\/wp\/v2\/pages"}],"about":[{"href":"https:\/\/gbhotel.es\/en\/wp-json\/wp\/v2\/types\/page"}],"author":[{"embeddable":true,"href":"https:\/\/gbhotel.es\/en\/wp-json\/wp\/v2\/users\/1"}],"replies":[{"embeddable":true,"href":"https:\/\/gbhotel.es\/en\/wp-json\/wp\/v2\/comments?post=296"}],"version-history":[{"count":3,"href":"https:\/\/gbhotel.es\/en\/wp-json\/wp\/v2\/pages\/296\/revisions"}],"predecessor-version":[{"id":335,"href":"https:\/\/gbhotel.es\/en\/wp-json\/wp\/v2\/pages\/296\/revisions\/335"}],"wp:attachment":[{"href":"https:\/\/gbhotel.es\/en\/wp-json\/wp\/v2\/media?parent=296"}],"curies":[{"name":"wp","href":"https:\/\/api.w.org\/{rel}","templated":true}]}}