{"id":519,"date":"2019-10-31T13:50:44","date_gmt":"2019-10-31T13:50:44","guid":{"rendered":"http:\/\/gbhotels.se:8888\/privacy-policy\/"},"modified":"2025-03-02T12:11:43","modified_gmt":"2025-03-02T12:11:43","slug":"privacy-policy","status":"publish","type":"page","link":"https:\/\/gbhotel.es\/ru\/privacy-policy\/","title":{"rendered":"\u041f\u043e\u043b\u0438\u0442\u0438\u043a\u0430 \u043a\u043e\u043d\u0444\u0438\u0434\u0435\u043d\u0446\u0438\u0430\u043b\u044c\u043d\u043e\u0441\u0442\u0438"},"content":{"rendered":"<h3><strong>INTRODUCCI\u00d3N<\/strong><\/h3>\n<p>El acceso, navegaci\u00f3n y utilizaci\u00f3n del Sitio Web <strong>www.<\/strong><strong>gbh<\/strong><strong>otel.es<\/strong>\u00a0(en adelante, el \u201cSitio Web\u201d) implica la aceptaci\u00f3n expresa y sin reservas de todos los t\u00e9rminos de las presentes condiciones de uso, teniendo la misma validez y eficacia que cualquier contrato celebrado por escrito y firmado. Su observancia y cumplimiento ser\u00e1 exigible respecto de cualquier persona que acceda, navegue o utilice la Web. Si usted no est\u00e1 de acuerdo con los t\u00e9rminos expuestos, no acceda, navegue o utilice ninguna p\u00e1gina del sitio web.<\/p>\n<p><strong>DATOS DE LA EMPRESA<\/strong><br \/>\nTitular: GESTION GBH HOTELES Y APARTAMENTOS, S.L.<br \/>\nDomicilio Social: Calle Espronceda, 39 Entlo. Izq. 28003 Madrid<br \/>\nCIF: B02933497<br \/>\nRegistro P\u00fablico: Inscrita en el Registro Mercantil de Madrid: Tomo 41292 Folio 121 Secci\u00f3n 8, Hoja M731925<\/p>\n<h3><strong>OBJETO Y \u00c1MBITO DE APLICACI\u00d3N.<\/strong><\/h3>\n<p>Las presentes condiciones de uso regulan el acceso, navegaci\u00f3n y utilizaci\u00f3n del Sitio Web, sin perjuicio que GBH Hoteles y Apartamentos se reserva el derecho a modificar la presentaci\u00f3n, configuraci\u00f3n y contenido de la Web, as\u00ed como las condiciones requeridas para su acceso y\/o utilizaci\u00f3n. El acceso y utilizaci\u00f3n de los contenidos del Sitio Web tras la entrada en vigor de sus modificaciones o cambios suponen la aceptaci\u00f3n de los mismos. No obstante, el acceso a determinados contenidos y la utilizaci\u00f3n de determinados servicios puede encontrarse sometido a determinadas condiciones particulares, que ser\u00e1n, en todo caso, claramente mostradas y deber\u00e1n ser aceptadas expresamente por parte de los usuarios. Estas condiciones particulares, podr\u00e1n sustituir, completar o, en su caso, modificar las presentes condiciones de uso particulares. GBH APARTAMENTOS se reserva el derecho a modificar los t\u00e9rminos y condiciones aqu\u00ed estipuladas, total o parcialmente, publicando cualquier cambio en la misma forma en que aparecen estas condiciones de uso o a trav\u00e9s de cualquier tipo de comunicaci\u00f3n dirigida a los usuarios.<\/p>\n<h3><strong>ACCESO Y REGISTRO<\/strong><\/h3>\n<p>El acceso y navegaci\u00f3n por el Sitio Web no requieren registro. Sin embargo, para la compra de determinados servicios, reserva de los mismos o beneficiarse de ciertos programas, entre otros, ser\u00e1 necesario cumplimentar los formularios web habilitados al efecto. El registro en el Sitio Web es, salvo que se indique expresamente lo contrario, gratuito. En caso de que no cuentes con usuario y contrase\u00f1a de acceso a nuestras plataformas privadas, alojada en el Sitio Web, deber\u00e1s registrarte desde los enlaces y\/o formularios habilitados al efecto, donde deber\u00e1s introducir todos tus datos reales y veraces, dado que ser\u00e1 la \u00fanica forma que tendremos de poder procesar los posibles pedidos que realices en el futuro, as\u00ed como gestionar correctamente nuestra relaci\u00f3n comercial. Queda prohibido el acceso al Sitio Web por parte de menores de edad. Bajo ning\u00fan concepto GBH APARTAMENTOS se responsabilizar\u00e1 de la veracidad de los datos de registro facilitados por los usuarios finales, por lo que cada uno de estos son los responsables de las posibles consecuencias, errores y fallos que posteriormente puedan derivarse de la falta de veracidad de los datos.<\/p>\n<h3><strong>REQUISITOS PARA REGISTRARSE COMO USUARIO.<\/strong><\/h3>\n<p>Es requisito imprescindible para poder registrarse como usuario ser mayor de 18 a\u00f1os, y proporcionar todos los datos requeridos y catalogados como obligatorios. A este respecto, GBH Hoteles y Apartamentos en cada uno de los formularios de registro se indicar\u00e1n las condiciones particulares a cumplir por el usuario.GBH se reserva el derecho a solicitar la informaci\u00f3n necesaria o realizar las acciones tendentes a corroborar que el usuario registrado cumple con las condiciones exigidas por GBH para su registro. Del mismo modo, el usuario registrado asume que su cuenta como usuario es personal e intransferible. Bajo ning\u00fan concepto est\u00e1 permitida la cesi\u00f3n de la cuenta de usuario registrado entre diferentes personas<\/p>\n<h3><strong>BAJA COMO USUARIO REGISTRADO<\/strong><\/h3>\n<p>En cualquier momento, los usuarios pueden solicitar su baja de la plataforma alojada en el Sitio Web bastando para ello con la puesta en contacto con GBH Hoteles y Apartamentos por los medios que se indiquen en cada uno de los registros o plataformas.<\/p>\n<h3><strong>DERECHOS DE PROPIEDAD INTELECTUAL E INDUSTRIAL.<\/strong><\/h3>\n<p>GBH Hoteles y Apartamentos es titular o, en su caso, cuenta las licencias correspondientes sobre los derechos de explotaci\u00f3n de propiedad intelectual e industrial del Sitio Web, as\u00ed como de los derechos de propiedad intelectual e industrial sobre la informaci\u00f3n, materiales y contenidos de la misma. En ning\u00fan caso se entender\u00e1 que el acceso, navegaci\u00f3n y utilizaci\u00f3n del Sitio Web por parte del usuario implica una renuncia, transmisi\u00f3n, licencia o cesi\u00f3n total o parcial de dichos derechos por parte de GBH Hoteles y Apartamentos. El usuario dispone de un derecho de uso de los contenidos y\/o servicios del Sitio Web dentro de un \u00e1mbito estrictamente dom\u00e9stico. Las referencias a marcas o nombres comerciales registrados, u otros signos distintivos, ya sean titularidad de GBH Hoteles y Apartamentos o de terceras empresas, llevan impl\u00edcitas la prohibici\u00f3n sobre su uso sin el consentimiento de GBH Hoteles y Apartamentos o de sus leg\u00edtimos titulares. En ning\u00fan momento, salvo manifestaci\u00f3n expresa en contrario, el acceso, navegaci\u00f3n o utilizaci\u00f3n del Sitio Web y\/o de sus contenidos, confiere al usuario derecho alguno sobre signos distintivos en \u00e9l incluidos. Quedan reservados todos los derechos de propiedad intelectual e industrial sobre los contenidos y\/o servicios del Sitio Web y, en particular, queda prohibido modificar, copiar, reproducir, comunicar p\u00fablicamente, transformar o distribuir, por cualquier medio y bajo cualquier forma, la totalidad o parte de los contenidos incluidos en la Web, para prop\u00f3sitos p\u00fablicos o comerciales, si no se cuenta con la autorizaci\u00f3n previa, expresa y por escrito de GBH Hoteles y Apartamentos o, en su caso, del titular de los derechos correspondientes. En el caso de que el usuario env\u00ede informaci\u00f3n de cualquier tipo a GBH Hoteles y Apartamentos a trav\u00e9s cualquiera de los canales habilitados al efecto, el usuario declara, garantiza y acepta que tiene derecho a hacerlo libremente, que dicha informaci\u00f3n no infringe ning\u00fan derecho de propiedad intelectual, industrial, secreto comercial o cualesquiera otros derechos de terceros, y que dicha informaci\u00f3n no tiene car\u00e1cter confidencial ni es perjudicial para terceros. El usuario reconoce asumir la responsabilidad, dejando indemne a GBH Hoteles y Apartamentos por cualquier comunicaci\u00f3n que suministre personalmente o a su nombre, alcanzando dicha responsabilidad sin restricci\u00f3n alguna la exactitud, legalidad, originalidad y titularidad de la misma.<\/p>\n<h3><strong>ENLACES A OTRAS P\u00c1GINAS WEB<\/strong><\/h3>\n<p>En caso de que en el Sitio Web se mostraran enlaces a otras p\u00e1ginas web mediante diferentes botones, links, banners o contenidos embebidos, GBH Hoteles y Apartamentos informa que \u00e9stos se encuentran directamente gestionados por terceros, no teniendo GBH Hoteles y Apartamentos ni medios humanos, ni t\u00e9cnicos para conocer de forma previa y\/o controlar y\/o aprobar toda la informaci\u00f3n, contenidos, productos o servicios facilitados por otros sitios web a los que se puedan establecer enlaces desde el presente Sitio Web. En consecuencia, GBH Hoteles y Apartamentos no podr\u00e1 asumir ning\u00fan tipo de responsabilidad por cualquier aspecto relativo a la p\u00e1gina web a la que se pudiera establecer un enlace desde el Sitio Web, en concreto, a t\u00edtulo enunciativo y no limitativo, sobre su funcionamiento, acceso, datos, informaci\u00f3n, archivos, calidad y fiabilidad de sus productos y servicios, sus propios enlaces y\/o cualquiera de sus contenidos, en general. En este sentido, si los usuarios tuvieran conocimiento efectivo de que las actividades desarrolladas a trav\u00e9s de estas p\u00e1ginas web de terceros son ilegales o contravienen la moral y\/o el orden p\u00fablico, deber\u00e1n comunicarlo inmediatamente a GBH Hoteles y Apartamentos a los efectos de que se proceda a deshabilitar el enlace de acceso a las mismas, acci\u00f3n que se llevar\u00e1 a cabo en el menor tiempo posible. En cualquier caso, el establecimiento de cualquier tipo de enlace desde el Sitio Web a otra p\u00e1gina web ajena no implicar\u00e1 que exista alg\u00fan tipo de relaci\u00f3n, colaboraci\u00f3n o dependencia entre GBH Hoteles y Apartamentos y el responsable de la p\u00e1gina web ajena.<\/p>\n<h3><strong>ENLACES A OTRAS P\u00c1GINAS WEBS<\/strong><\/h3>\n<p>GBH Hoteles y Apartamentos pone a disposici\u00f3n de los usuarios, a trav\u00e9s de diferentes herramientas y aplicaciones, medios de enlace que permiten a los usuarios acceder a canales y p\u00e1ginas. La instalaci\u00f3n de estas aplicaciones en el Sitio Web tiene por \u00fanico objeto facilitar a los usuarios el acceso a dichos canales en las diferentes plataformas y redes sociales. El establecimiento de estas aplicaciones no implica la existencia de relaci\u00f3n alguna entre GBH Hoteles y Apartamentos y el propietario, fabricante o distribuidor de la plataforma enlazada, como tampoco la aceptaci\u00f3n y aprobaci\u00f3n por parte de GBH Hoteles y Apartamentos de sus contenidos y\/o servicios, siendo su propietario, fabricante o distribuidor el \u00fanico responsable de los mismos. En ning\u00fan caso, GBH Hoteles y Apartamentos comparte con tales propietarios de tales p\u00e1ginas webs externas, ning\u00fan tipo de informaci\u00f3n privada sobre sus usuarios, siendo su \u00fanica finalidad facilitar el acceso a ellas por parte de los usuarios. \u202fEn este sentido, toda la informaci\u00f3n que el propio usuario desee proporcionar a estas plataformas y\/o p\u00e1ginas webs externas, ser\u00e1 bajo su propia responsabilidad, no interviniendo en dicho proceso GBH Hoteles y Apartamentos. Debido a que GBH Hoteles y Apartamentos no tiene control alguno sobre el contenido alojado en dichos canales, el usuario reconoce y acepta que GBH Hoteles y Apartamentos no asume responsabilidad alguna por el contenido ni por los servicios a los que el usuario pueda acceder en dichas p\u00e1ginas ni por cualquier contenido, productos, servicios, publicidad, ni cualquier otro material disponible en los mismos. Por tal motivo, el usuario debe extremar la prudencia en la valoraci\u00f3n y utilizaci\u00f3n de la informaci\u00f3n, contenidos y servicios existentes en los canales enlazados, y sobre la informaci\u00f3n propia o de terceros que quiera compartir en dichos canales.<\/p>\n<h3><strong>ENLACES EN OTRAS P\u00c1GINAS WEB CON DESTINO AL SITIO WEB<\/strong><\/h3>\n<p>GBH Hoteles y Apartamentos no autoriza el establecimiento de un enlace al presente Sitio Web desde otras p\u00e1ginas web que contengan materiales, informaci\u00f3n o contenidos il\u00edcitos, ilegales, degradantes, obscenos y, en general, que contravengan las leyes, la moral o al orden p\u00fablico, o las normas sociales generalmente aceptadas. En todo caso, los usuarios podr\u00e1n establecer enlaces en sus respectivas p\u00e1ginas web siempre y cuando soliciten la autorizaci\u00f3n previa y expresa a GBH Hoteles y Apartamentos. GBH Hoteles y Apartamentos no tiene facultad ni medios humanos y t\u00e9cnicos para conocer, controlar ni aprobar toda la informaci\u00f3n, contenidos, productos o servicios facilitados por otros sitios web que tengan establecidos enlaces con destino al presente Sitio Web. GBH Hoteles y Apartamentos no asume ning\u00fan tipo de responsabilidad por cualquier aspecto relativo a las p\u00e1ginas web que establecen ese enlace con destino al presente Sitio Web, en concreto, a t\u00edtulo enunciativo y no taxativo, sobre su funcionamiento, acceso, datos, informaci\u00f3n, archivos, calidad y fiabilidad de sus productos y servicios, sus propios enlaces y\/o cualquiera de sus contenidos, en general.<\/p>\n<h3><strong>POL\u00cdTICA DE PRIVACIDAD Y COOKIES<\/strong><\/h3>\n<p>De conformidad con lo dispuesto por la legislaci\u00f3n vigente y aplicable en materia de protecci\u00f3n de datos de car\u00e1cter personal, todos los datos de car\u00e1cter personal facilitados durante la utilizaci\u00f3n del Sitio Web ser\u00e1n tratados de conformidad con los dispuesto en la Pol\u00edtica de Privacidad que todo usuario debe aceptar expresamente para poder utilizar y registrarse en el Sitio Web. Todo usuario que acepte las presentes condiciones de uso, acepta de forma informada, expresa e inequ\u00edvoca nuestra Pol\u00edtica de Privacidad, pudiendo ejercer los derechos que en esta materia le corresponden, seg\u00fan se informa en la mencionada Pol\u00edtica de Privacidad.<\/p>\n","protected":false},"excerpt":{"rendered":"<p>INTRODUCCI\u00d3N El acceso, navegaci\u00f3n y utilizaci\u00f3n del Sitio Web www.gbhotel.es\u00a0(en adelante, el \u201cSitio Web\u201d) implica la aceptaci\u00f3n expresa y sin&#8230;<\/p>\n","protected":false},"author":1,"featured_media":0,"parent":0,"menu_order":0,"comment_status":"closed","ping_status":"open","template":"","meta":{"_acf_changed":false,"footnotes":""},"class_list":["post-519","page","type-page","status-publish","hentry"],"acf":[],"yoast_head":"<!-- This site is optimized with the Yoast SEO plugin v27.5 - https:\/\/yoast.com\/product\/yoast-seo-wordpress\/ -->\n<title>\u041f\u043e\u043b\u0438\u0442\u0438\u043a\u0430 \u043a\u043e\u043d\u0444\u0438\u0434\u0435\u043d\u0446\u0438\u0430\u043b\u044c\u043d\u043e\u0441\u0442\u0438 | GBH Hoteles y Apartamentos<\/title>\n<meta name=\"robots\" content=\"index, follow, max-snippet:-1, max-image-preview:large, max-video-preview:-1\" \/>\n<link rel=\"canonical\" href=\"https:\/\/gbhotel.es\/ru\/privacy-policy\/\" \/>\n<meta property=\"og:locale\" content=\"ru_RU\" \/>\n<meta property=\"og:type\" content=\"article\" \/>\n<meta property=\"og:title\" content=\"\u041f\u043e\u043b\u0438\u0442\u0438\u043a\u0430 \u043a\u043e\u043d\u0444\u0438\u0434\u0435\u043d\u0446\u0438\u0430\u043b\u044c\u043d\u043e\u0441\u0442\u0438 | GBH Hoteles y Apartamentos\" \/>\n<meta property=\"og:description\" content=\"INTRODUCCI\u00d3N El acceso, navegaci\u00f3n y utilizaci\u00f3n del Sitio Web www.gbhotel.es\u00a0(en adelante, el \u201cSitio Web\u201d) implica la aceptaci\u00f3n expresa y sin...\" \/>\n<meta property=\"og:url\" content=\"https:\/\/gbhotel.es\/ru\/privacy-policy\/\" \/>\n<meta property=\"og:site_name\" content=\"GBH Hoteles y Apartamentos\" \/>\n<meta property=\"article:publisher\" content=\"https:\/\/www.facebook.com\/gbhoteles\/\" \/>\n<meta property=\"article:modified_time\" content=\"2025-03-02T12:11:43+00:00\" \/>\n<meta name=\"twitter:card\" content=\"summary_large_image\" \/>\n<meta name=\"twitter:label1\" content=\"\u041f\u0440\u0438\u043c\u0435\u0440\u043d\u043e\u0435 \u0432\u0440\u0435\u043c\u044f \u0434\u043b\u044f \u0447\u0442\u0435\u043d\u0438\u044f\" \/>\n\t<meta name=\"twitter:data1\" content=\"11 \u043c\u0438\u043d\u0443\u0442\" \/>\n<script type=\"application\/ld+json\" class=\"yoast-schema-graph\">{\"@context\":\"https:\\\/\\\/schema.org\",\"@graph\":[{\"@type\":\"WebPage\",\"@id\":\"https:\\\/\\\/gbhotel.es\\\/ru\\\/privacy-policy\\\/\",\"url\":\"https:\\\/\\\/gbhotel.es\\\/ru\\\/privacy-policy\\\/\",\"name\":\"\u041f\u043e\u043b\u0438\u0442\u0438\u043a\u0430 \u043a\u043e\u043d\u0444\u0438\u0434\u0435\u043d\u0446\u0438\u0430\u043b\u044c\u043d\u043e\u0441\u0442\u0438 | GBH Hoteles y Apartamentos\",\"isPartOf\":{\"@id\":\"https:\\\/\\\/gbhotel.es\\\/ru\\\/#website\"},\"datePublished\":\"2019-10-31T13:50:44+00:00\",\"dateModified\":\"2025-03-02T12:11:43+00:00\",\"breadcrumb\":{\"@id\":\"https:\\\/\\\/gbhotel.es\\\/ru\\\/privacy-policy\\\/#breadcrumb\"},\"inLanguage\":\"ru-RU\",\"potentialAction\":[{\"@type\":\"ReadAction\",\"target\":[\"https:\\\/\\\/gbhotel.es\\\/ru\\\/privacy-policy\\\/\"]}]},{\"@type\":\"BreadcrumbList\",\"@id\":\"https:\\\/\\\/gbhotel.es\\\/ru\\\/privacy-policy\\\/#breadcrumb\",\"itemListElement\":[{\"@type\":\"ListItem\",\"position\":1,\"name\":\"Home\",\"item\":\"https:\\\/\\\/gbhotel.es\\\/ru\\\/\"},{\"@type\":\"ListItem\",\"position\":2,\"name\":\"\u041f\u043e\u043b\u0438\u0442\u0438\u043a\u0430 \u043a\u043e\u043d\u0444\u0438\u0434\u0435\u043d\u0446\u0438\u0430\u043b\u044c\u043d\u043e\u0441\u0442\u0438\"}]},{\"@type\":\"WebSite\",\"@id\":\"https:\\\/\\\/gbhotel.es\\\/ru\\\/#website\",\"url\":\"https:\\\/\\\/gbhotel.es\\\/ru\\\/\",\"name\":\"GBH Hoteles y Apartamentos\",\"description\":\"Apartamentos y hoteles en Costa Blanca\",\"publisher\":{\"@id\":\"https:\\\/\\\/gbhotel.es\\\/ru\\\/#organization\"},\"potentialAction\":[{\"@type\":\"SearchAction\",\"target\":{\"@type\":\"EntryPoint\",\"urlTemplate\":\"https:\\\/\\\/gbhotel.es\\\/ru\\\/?s={search_term_string}\"},\"query-input\":{\"@type\":\"PropertyValueSpecification\",\"valueRequired\":true,\"valueName\":\"search_term_string\"}}],\"inLanguage\":\"ru-RU\"},{\"@type\":\"Organization\",\"@id\":\"https:\\\/\\\/gbhotel.es\\\/ru\\\/#organization\",\"name\":\"GBH Hotels and Apartments\",\"url\":\"https:\\\/\\\/gbhotel.es\\\/ru\\\/\",\"logo\":{\"@type\":\"ImageObject\",\"inLanguage\":\"ru-RU\",\"@id\":\"https:\\\/\\\/gbhotel.es\\\/ru\\\/#\\\/schema\\\/logo\\\/image\\\/\",\"url\":\"https:\\\/\\\/gbhotels.es\\\/wp-content\\\/uploads\\\/2019\\\/11\\\/logo-blue.png\",\"contentUrl\":\"https:\\\/\\\/gbhotels.es\\\/wp-content\\\/uploads\\\/2019\\\/11\\\/logo-blue.png\",\"width\":180,\"height\":63,\"caption\":\"GBH Hotels and Apartments\"},\"image\":{\"@id\":\"https:\\\/\\\/gbhotel.es\\\/ru\\\/#\\\/schema\\\/logo\\\/image\\\/\"},\"sameAs\":[\"https:\\\/\\\/www.facebook.com\\\/gbhoteles\\\/\",\"https:\\\/\\\/www.instagram.com\\\/gbhoteles\\\/\"]}]}<\/script>\n<!-- \/ Yoast SEO plugin. -->","yoast_head_json":{"title":"\u041f\u043e\u043b\u0438\u0442\u0438\u043a\u0430 \u043a\u043e\u043d\u0444\u0438\u0434\u0435\u043d\u0446\u0438\u0430\u043b\u044c\u043d\u043e\u0441\u0442\u0438 | GBH Hoteles y Apartamentos","robots":{"index":"index","follow":"follow","max-snippet":"max-snippet:-1","max-image-preview":"max-image-preview:large","max-video-preview":"max-video-preview:-1"},"canonical":"https:\/\/gbhotel.es\/ru\/privacy-policy\/","og_locale":"ru_RU","og_type":"article","og_title":"\u041f\u043e\u043b\u0438\u0442\u0438\u043a\u0430 \u043a\u043e\u043d\u0444\u0438\u0434\u0435\u043d\u0446\u0438\u0430\u043b\u044c\u043d\u043e\u0441\u0442\u0438 | GBH Hoteles y Apartamentos","og_description":"INTRODUCCI\u00d3N El acceso, navegaci\u00f3n y utilizaci\u00f3n del Sitio Web www.gbhotel.es\u00a0(en adelante, el \u201cSitio Web\u201d) implica la aceptaci\u00f3n expresa y sin...","og_url":"https:\/\/gbhotel.es\/ru\/privacy-policy\/","og_site_name":"GBH Hoteles y Apartamentos","article_publisher":"https:\/\/www.facebook.com\/gbhoteles\/","article_modified_time":"2025-03-02T12:11:43+00:00","twitter_card":"summary_large_image","twitter_misc":{"\u041f\u0440\u0438\u043c\u0435\u0440\u043d\u043e\u0435 \u0432\u0440\u0435\u043c\u044f \u0434\u043b\u044f \u0447\u0442\u0435\u043d\u0438\u044f":"11 \u043c\u0438\u043d\u0443\u0442"},"schema":{"@context":"https:\/\/schema.org","@graph":[{"@type":"WebPage","@id":"https:\/\/gbhotel.es\/ru\/privacy-policy\/","url":"https:\/\/gbhotel.es\/ru\/privacy-policy\/","name":"\u041f\u043e\u043b\u0438\u0442\u0438\u043a\u0430 \u043a\u043e\u043d\u0444\u0438\u0434\u0435\u043d\u0446\u0438\u0430\u043b\u044c\u043d\u043e\u0441\u0442\u0438 | GBH Hoteles y Apartamentos","isPartOf":{"@id":"https:\/\/gbhotel.es\/ru\/#website"},"datePublished":"2019-10-31T13:50:44+00:00","dateModified":"2025-03-02T12:11:43+00:00","breadcrumb":{"@id":"https:\/\/gbhotel.es\/ru\/privacy-policy\/#breadcrumb"},"inLanguage":"ru-RU","potentialAction":[{"@type":"ReadAction","target":["https:\/\/gbhotel.es\/ru\/privacy-policy\/"]}]},{"@type":"BreadcrumbList","@id":"https:\/\/gbhotel.es\/ru\/privacy-policy\/#breadcrumb","itemListElement":[{"@type":"ListItem","position":1,"name":"Home","item":"https:\/\/gbhotel.es\/ru\/"},{"@type":"ListItem","position":2,"name":"\u041f\u043e\u043b\u0438\u0442\u0438\u043a\u0430 \u043a\u043e\u043d\u0444\u0438\u0434\u0435\u043d\u0446\u0438\u0430\u043b\u044c\u043d\u043e\u0441\u0442\u0438"}]},{"@type":"WebSite","@id":"https:\/\/gbhotel.es\/ru\/#website","url":"https:\/\/gbhotel.es\/ru\/","name":"GBH Hoteles y Apartamentos","description":"Apartamentos y hoteles en Costa Blanca","publisher":{"@id":"https:\/\/gbhotel.es\/ru\/#organization"},"potentialAction":[{"@type":"SearchAction","target":{"@type":"EntryPoint","urlTemplate":"https:\/\/gbhotel.es\/ru\/?s={search_term_string}"},"query-input":{"@type":"PropertyValueSpecification","valueRequired":true,"valueName":"search_term_string"}}],"inLanguage":"ru-RU"},{"@type":"Organization","@id":"https:\/\/gbhotel.es\/ru\/#organization","name":"GBH Hotels and Apartments","url":"https:\/\/gbhotel.es\/ru\/","logo":{"@type":"ImageObject","inLanguage":"ru-RU","@id":"https:\/\/gbhotel.es\/ru\/#\/schema\/logo\/image\/","url":"https:\/\/gbhotels.es\/wp-content\/uploads\/2019\/11\/logo-blue.png","contentUrl":"https:\/\/gbhotels.es\/wp-content\/uploads\/2019\/11\/logo-blue.png","width":180,"height":63,"caption":"GBH Hotels and Apartments"},"image":{"@id":"https:\/\/gbhotel.es\/ru\/#\/schema\/logo\/image\/"},"sameAs":["https:\/\/www.facebook.com\/gbhoteles\/","https:\/\/www.instagram.com\/gbhoteles\/"]}]}},"_links":{"self":[{"href":"https:\/\/gbhotel.es\/ru\/wp-json\/wp\/v2\/pages\/519","targetHints":{"allow":["GET"]}}],"collection":[{"href":"https:\/\/gbhotel.es\/ru\/wp-json\/wp\/v2\/pages"}],"about":[{"href":"https:\/\/gbhotel.es\/ru\/wp-json\/wp\/v2\/types\/page"}],"author":[{"embeddable":true,"href":"https:\/\/gbhotel.es\/ru\/wp-json\/wp\/v2\/users\/1"}],"replies":[{"embeddable":true,"href":"https:\/\/gbhotel.es\/ru\/wp-json\/wp\/v2\/comments?post=519"}],"version-history":[{"count":6,"href":"https:\/\/gbhotel.es\/ru\/wp-json\/wp\/v2\/pages\/519\/revisions"}],"predecessor-version":[{"id":4363,"href":"https:\/\/gbhotel.es\/ru\/wp-json\/wp\/v2\/pages\/519\/revisions\/4363"}],"wp:attachment":[{"href":"https:\/\/gbhotel.es\/ru\/wp-json\/wp\/v2\/media?parent=519"}],"curies":[{"name":"wp","href":"https:\/\/api.w.org\/{rel}","templated":true}]}}